{"id":1457,"date":"2021-09-23T15:50:55","date_gmt":"2021-09-23T13:50:55","guid":{"rendered":"https:\/\/lug2hostel.com\/?page_id=1457"},"modified":"2025-11-12T20:02:51","modified_gmt":"2025-11-12T19:02:51","slug":"atuareserva","status":"publish","type":"page","link":"https:\/\/lug2hostel.com\/fr\/atuareserva\/","title":{"rendered":"LUG2: TA RESERVATION"},"content":{"rendered":"<p class=\"qtranxs-available-languages-message qtranxs-available-languages-message-fr\">D\u00e9sol\u00e9, cet article est seulement disponible en <a href=\"https:\/\/lug2hostel.com\/es\/wp-json\/wp\/v2\/pages\/1457\" class=\"qtranxs-available-language-link qtranxs-available-language-link-es\" title=\"Espa\u00f1ol\">Espa\u00f1ol<\/a>, <a href=\"https:\/\/lug2hostel.com\/gl\/wp-json\/wp\/v2\/pages\/1457\" class=\"qtranxs-available-language-link qtranxs-available-language-link-gl\" title=\"galego\">galego<\/a> et <a href=\"https:\/\/lug2hostel.com\/en\/wp-json\/wp\/v2\/pages\/1457\" class=\"qtranxs-available-language-link qtranxs-available-language-link-en\" title=\"English\">English<\/a>.<\/p>","protected":false},"excerpt":{"rendered":"<p>D\u00e9sol\u00e9, cet article est seulement disponible en Espa\u00f1ol, galego et English.<\/p>\n","protected":false},"author":2,"featured_media":0,"parent":0,"menu_order":0,"comment_status":"closed","ping_status":"closed","template":"","meta":{"footnotes":""},"class_list":["post-1457","page","type-page","status-publish","hentry"],"_links":{"self":[{"href":"https:\/\/lug2hostel.com\/fr\/wp-json\/wp\/v2\/pages\/1457","targetHints":{"allow":["GET"]}}],"collection":[{"href":"https:\/\/lug2hostel.com\/fr\/wp-json\/wp\/v2\/pages"}],"about":[{"href":"https:\/\/lug2hostel.com\/fr\/wp-json\/wp\/v2\/types\/page"}],"author":[{"embeddable":true,"href":"https:\/\/lug2hostel.com\/fr\/wp-json\/wp\/v2\/users\/2"}],"replies":[{"embeddable":true,"href":"https:\/\/lug2hostel.com\/fr\/wp-json\/wp\/v2\/comments?post=1457"}],"version-history":[{"count":100,"href":"https:\/\/lug2hostel.com\/fr\/wp-json\/wp\/v2\/pages\/1457\/revisions"}],"predecessor-version":[{"id":4585,"href":"https:\/\/lug2hostel.com\/fr\/wp-json\/wp\/v2\/pages\/1457\/revisions\/4585"}],"wp:attachment":[{"href":"https:\/\/lug2hostel.com\/fr\/wp-json\/wp\/v2\/media?parent=1457"}],"curies":[{"name":"wp","href":"https:\/\/api.w.org\/{rel}","templated":true}]}}