{"id":350,"date":"2019-02-25T09:12:17","date_gmt":"2019-02-25T09:12:17","guid":{"rendered":"http:\/\/lug2hostel.com\/?page_id=350"},"modified":"2023-12-29T21:21:25","modified_gmt":"2023-12-29T20:21:25","slug":"contacto","status":"publish","type":"page","link":"https:\/\/lug2hostel.com\/fr\/contacto\/","title":{"rendered":"Contacto"},"content":{"rendered":"<p class=\"qtranxs-available-languages-message qtranxs-available-languages-message-fr\">D\u00e9sol\u00e9, cet article est seulement disponible en <a href=\"https:\/\/lug2hostel.com\/es\/wp-json\/wp\/v2\/pages\/350\" class=\"qtranxs-available-language-link qtranxs-available-language-link-es\" title=\"Espa\u00f1ol\">Espa\u00f1ol<\/a>, <a href=\"https:\/\/lug2hostel.com\/gl\/wp-json\/wp\/v2\/pages\/350\" class=\"qtranxs-available-language-link qtranxs-available-language-link-gl\" title=\"galego\">galego<\/a> et <a href=\"https:\/\/lug2hostel.com\/en\/wp-json\/wp\/v2\/pages\/350\" class=\"qtranxs-available-language-link qtranxs-available-language-link-en\" title=\"English\">English<\/a>.<\/p>","protected":false},"excerpt":{"rendered":"<p>D\u00e9sol\u00e9, cet article est seulement disponible en Espa\u00f1ol, galego et English.<\/p>\n","protected":false},"author":1,"featured_media":0,"parent":0,"menu_order":0,"comment_status":"closed","ping_status":"closed","template":"elementor_header_footer","meta":{"footnotes":""},"class_list":["post-350","page","type-page","status-publish","hentry"],"_links":{"self":[{"href":"https:\/\/lug2hostel.com\/fr\/wp-json\/wp\/v2\/pages\/350","targetHints":{"allow":["GET"]}}],"collection":[{"href":"https:\/\/lug2hostel.com\/fr\/wp-json\/wp\/v2\/pages"}],"about":[{"href":"https:\/\/lug2hostel.com\/fr\/wp-json\/wp\/v2\/types\/page"}],"author":[{"embeddable":true,"href":"https:\/\/lug2hostel.com\/fr\/wp-json\/wp\/v2\/users\/1"}],"replies":[{"embeddable":true,"href":"https:\/\/lug2hostel.com\/fr\/wp-json\/wp\/v2\/comments?post=350"}],"version-history":[{"count":123,"href":"https:\/\/lug2hostel.com\/fr\/wp-json\/wp\/v2\/pages\/350\/revisions"}],"predecessor-version":[{"id":3718,"href":"https:\/\/lug2hostel.com\/fr\/wp-json\/wp\/v2\/pages\/350\/revisions\/3718"}],"wp:attachment":[{"href":"https:\/\/lug2hostel.com\/fr\/wp-json\/wp\/v2\/media?parent=350"}],"curies":[{"name":"wp","href":"https:\/\/api.w.org\/{rel}","templated":true}]}}