{"id":3725,"date":"2024-01-14T14:45:29","date_gmt":"2024-01-14T13:45:29","guid":{"rendered":"https:\/\/lug2hostel.com\/?page_id=3725"},"modified":"2024-12-09T16:36:03","modified_gmt":"2024-12-09T15:36:03","slug":"tarifas-y-promos","status":"publish","type":"page","link":"https:\/\/lug2hostel.com\/fr\/tarifas-y-promos\/","title":{"rendered":"Salles"},"content":{"rendered":"<p class=\"qtranxs-available-languages-message qtranxs-available-languages-message-fr\">D\u00e9sol\u00e9, cet article est seulement disponible en <a href=\"https:\/\/lug2hostel.com\/es\/wp-json\/wp\/v2\/pages\/3725\" class=\"qtranxs-available-language-link qtranxs-available-language-link-es\" title=\"Espa\u00f1ol\">Espa\u00f1ol<\/a>, <a href=\"https:\/\/lug2hostel.com\/gl\/wp-json\/wp\/v2\/pages\/3725\" class=\"qtranxs-available-language-link qtranxs-available-language-link-gl\" title=\"galego\">galego<\/a> et <a href=\"https:\/\/lug2hostel.com\/en\/wp-json\/wp\/v2\/pages\/3725\" class=\"qtranxs-available-language-link qtranxs-available-language-link-en\" title=\"English\">English<\/a>.<\/p>","protected":false},"excerpt":{"rendered":"<p>D\u00e9sol\u00e9, cet article est seulement disponible en Espa\u00f1ol, galego et English.<\/p>\n","protected":false},"author":2,"featured_media":0,"parent":0,"menu_order":0,"comment_status":"closed","ping_status":"closed","template":"elementor_header_footer","meta":{"footnotes":""},"class_list":["post-3725","page","type-page","status-publish","hentry"],"_links":{"self":[{"href":"https:\/\/lug2hostel.com\/fr\/wp-json\/wp\/v2\/pages\/3725","targetHints":{"allow":["GET"]}}],"collection":[{"href":"https:\/\/lug2hostel.com\/fr\/wp-json\/wp\/v2\/pages"}],"about":[{"href":"https:\/\/lug2hostel.com\/fr\/wp-json\/wp\/v2\/types\/page"}],"author":[{"embeddable":true,"href":"https:\/\/lug2hostel.com\/fr\/wp-json\/wp\/v2\/users\/2"}],"replies":[{"embeddable":true,"href":"https:\/\/lug2hostel.com\/fr\/wp-json\/wp\/v2\/comments?post=3725"}],"version-history":[{"count":22,"href":"https:\/\/lug2hostel.com\/fr\/wp-json\/wp\/v2\/pages\/3725\/revisions"}],"predecessor-version":[{"id":4139,"href":"https:\/\/lug2hostel.com\/fr\/wp-json\/wp\/v2\/pages\/3725\/revisions\/4139"}],"wp:attachment":[{"href":"https:\/\/lug2hostel.com\/fr\/wp-json\/wp\/v2\/media?parent=3725"}],"curies":[{"name":"wp","href":"https:\/\/api.w.org\/{rel}","templated":true}]}}