{"id":4,"date":"2018-05-24T11:19:52","date_gmt":"2018-05-24T11:19:52","guid":{"rendered":"http:\/\/demo.athemes.com\/sydney-temp\/?page_id=4"},"modified":"2025-11-12T20:07:58","modified_gmt":"2025-11-12T19:07:58","slug":"inicio","status":"publish","type":"page","link":"https:\/\/lug2hostel.com\/fr\/","title":{"rendered":"Inicio"},"content":{"rendered":"<p class=\"qtranxs-available-languages-message qtranxs-available-languages-message-fr\">D\u00e9sol\u00e9, cet article est seulement disponible en <a href=\"https:\/\/lug2hostel.com\/es\/wp-json\/wp\/v2\/pages\/4\" class=\"qtranxs-available-language-link qtranxs-available-language-link-es\" title=\"Espa\u00f1ol\">Espa\u00f1ol<\/a>, <a href=\"https:\/\/lug2hostel.com\/gl\/wp-json\/wp\/v2\/pages\/4\" class=\"qtranxs-available-language-link qtranxs-available-language-link-gl\" title=\"galego\">galego<\/a> et <a href=\"https:\/\/lug2hostel.com\/en\/wp-json\/wp\/v2\/pages\/4\" class=\"qtranxs-available-language-link qtranxs-available-language-link-en\" title=\"English\">English<\/a>.<\/p>","protected":false},"excerpt":{"rendered":"<p>D\u00e9sol\u00e9, cet article est seulement disponible en Espa\u00f1ol, galego et English.<\/p>\n","protected":false},"author":1,"featured_media":0,"parent":0,"menu_order":0,"comment_status":"closed","ping_status":"closed","template":"page-templates\/page_front-page.php","meta":{"footnotes":""},"class_list":["post-4","page","type-page","status-publish","hentry"],"_links":{"self":[{"href":"https:\/\/lug2hostel.com\/fr\/wp-json\/wp\/v2\/pages\/4","targetHints":{"allow":["GET"]}}],"collection":[{"href":"https:\/\/lug2hostel.com\/fr\/wp-json\/wp\/v2\/pages"}],"about":[{"href":"https:\/\/lug2hostel.com\/fr\/wp-json\/wp\/v2\/types\/page"}],"author":[{"embeddable":true,"href":"https:\/\/lug2hostel.com\/fr\/wp-json\/wp\/v2\/users\/1"}],"replies":[{"embeddable":true,"href":"https:\/\/lug2hostel.com\/fr\/wp-json\/wp\/v2\/comments?post=4"}],"version-history":[{"count":577,"href":"https:\/\/lug2hostel.com\/fr\/wp-json\/wp\/v2\/pages\/4\/revisions"}],"predecessor-version":[{"id":4591,"href":"https:\/\/lug2hostel.com\/fr\/wp-json\/wp\/v2\/pages\/4\/revisions\/4591"}],"wp:attachment":[{"href":"https:\/\/lug2hostel.com\/fr\/wp-json\/wp\/v2\/media?parent=4"}],"curies":[{"name":"wp","href":"https:\/\/api.w.org\/{rel}","templated":true}]}}