{"id":4125,"date":"2024-12-09T16:08:18","date_gmt":"2024-12-09T15:08:18","guid":{"rendered":"https:\/\/lug2hostel.com\/?page_id=4125"},"modified":"2025-11-12T20:06:52","modified_gmt":"2025-11-12T19:06:52","slug":"reserva-de-salas","status":"publish","type":"page","link":"https:\/\/lug2hostel.com\/gl\/reserva-de-salas\/","title":{"rendered":"Reserva de salas"},"content":{"rendered":"\t\t<div data-elementor-type=\"wp-page\" data-elementor-id=\"4125\" class=\"elementor elementor-4125\">\n\t\t\t\t\t\t<section class=\"elementor-section elementor-top-section elementor-element elementor-element-2e3b2df elementor-section-boxed elementor-section-height-default elementor-section-height-default\" data-id=\"2e3b2df\" data-element_type=\"section\" data-e-type=\"section\">\n\t\t\t\t\t\t<div class=\"elementor-container elementor-column-gap-default\">\n\t\t\t\t\t<div class=\"elementor-column elementor-col-100 elementor-top-column elementor-element elementor-element-36e5d61\" data-id=\"36e5d61\" data-element_type=\"column\" data-e-type=\"column\">\n\t\t\t<div class=\"elementor-widget-wrap elementor-element-populated\">\n\t\t\t\t\t\t<div class=\"elementor-element elementor-element-3d2a88d elementor-widget elementor-widget-heading\" data-id=\"3d2a88d\" data-element_type=\"widget\" data-e-type=\"widget\" data-widget_type=\"heading.default\">\n\t\t\t\t<div class=\"elementor-widget-container\">\n\t\t\t\t\t<h2 class=\"elementor-heading-title elementor-size-default\">Nuestras salas<\/h2>\t\t\t\t<\/div>\n\t\t\t\t<\/div>\n\t\t\t\t<div class=\"elementor-element elementor-element-5cc1bb2 elementor-widget elementor-widget-text-editor\" data-id=\"5cc1bb2\" data-element_type=\"widget\" data-e-type=\"widget\" data-widget_type=\"text-editor.default\">\n\t\t\t\t<div class=\"elementor-widget-container\">\n\t\t\t\t\t\t\t\t\t<div class=\"elementor-element elementor-element-970657d elementor-widget elementor-widget-text-editor\" data-id=\"970657d\" data-element_type=\"widget\" data-widget_type=\"text-editor.default\"><div class=\"elementor-widget-container\"><h5>Nuestros albergues ponen a tu disposici\u00f3n una serie de amplios espacios para que puedas desarrollar tus actividades.<\/h5><h5>Su precio est\u00e1 regulado en el Diario Oficial de Galicia.<\/h5><\/div><\/div>\t\t\t\t\t\t\t\t<\/div>\n\t\t\t\t<\/div>\n\t\t\t\t\t<\/div>\n\t\t<\/div>\n\t\t\t\t\t<\/div>\n\t\t<\/section>\n\t\t\t\t<section class=\"elementor-section elementor-top-section elementor-element elementor-element-90f9bc6 elementor-section-boxed elementor-section-height-default elementor-section-height-default\" data-id=\"90f9bc6\" data-element_type=\"section\" data-e-type=\"section\">\n\t\t\t\t\t\t<div class=\"elementor-container elementor-column-gap-default\">\n\t\t\t\t\t<div class=\"elementor-column elementor-col-33 elementor-top-column elementor-element elementor-element-5fbc0a5\" data-id=\"5fbc0a5\" data-element_type=\"column\" data-e-type=\"column\">\n\t\t\t<div class=\"elementor-widget-wrap elementor-element-populated\">\n\t\t\t\t\t\t<div class=\"elementor-element elementor-element-0855cbc e-transform e-transform elementor-widget elementor-widget-image\" data-id=\"0855cbc\" data-element_type=\"widget\" data-e-type=\"widget\" data-settings=\"{&quot;_transform_scale_effect_hover&quot;:{&quot;unit&quot;:&quot;px&quot;,&quot;size&quot;:1.1,&quot;sizes&quot;:[]},&quot;_transform_scale_effect&quot;:{&quot;unit&quot;:&quot;px&quot;,&quot;size&quot;:&quot;&quot;,&quot;sizes&quot;:[]},&quot;_transform_scale_effect_tablet&quot;:{&quot;unit&quot;:&quot;px&quot;,&quot;size&quot;:&quot;&quot;,&quot;sizes&quot;:[]},&quot;_transform_scale_effect_mobile&quot;:{&quot;unit&quot;:&quot;px&quot;,&quot;size&quot;:&quot;&quot;,&quot;sizes&quot;:[]},&quot;_transform_scale_effect_hover_tablet&quot;:{&quot;unit&quot;:&quot;px&quot;,&quot;size&quot;:&quot;&quot;,&quot;sizes&quot;:[]},&quot;_transform_scale_effect_hover_mobile&quot;:{&quot;unit&quot;:&quot;px&quot;,&quot;size&quot;:&quot;&quot;,&quot;sizes&quot;:[]}}\" data-widget_type=\"image.default\">\n\t\t\t\t<div class=\"elementor-widget-container\">\n\t\t\t\t\t\t\t\t\t\t\t\t\t\t\t\t<a href=\"https:\/\/lug2hostel.com\/producto\/salon-de-actos\/\">\n\t\t\t\t\t\t\t<img fetchpriority=\"high\" decoding=\"async\" width=\"700\" height=\"540\" src=\"https:\/\/lug2hostel.com\/wp-content\/uploads\/2024\/12\/salon-actos.jpg\" class=\"attachment-large size-large wp-image-4129\" alt=\"\" srcset=\"https:\/\/lug2hostel.com\/wp-content\/uploads\/2024\/12\/salon-actos.jpg 700w, https:\/\/lug2hostel.com\/wp-content\/uploads\/2024\/12\/salon-actos-300x231.jpg 300w, https:\/\/lug2hostel.com\/wp-content\/uploads\/2024\/12\/salon-actos-230x177.jpg 230w, https:\/\/lug2hostel.com\/wp-content\/uploads\/2024\/12\/salon-actos-350x270.jpg 350w, https:\/\/lug2hostel.com\/wp-content\/uploads\/2024\/12\/salon-actos-480x370.jpg 480w\" sizes=\"(max-width: 700px) 100vw, 700px\" \/>\t\t\t\t\t\t\t\t<\/a>\n\t\t\t\t\t\t\t\t\t\t\t\t\t\t\t<\/div>\n\t\t\t\t<\/div>\n\t\t\t\t<div class=\"elementor-element elementor-element-4f0a64c elementor-widget elementor-widget-heading\" data-id=\"4f0a64c\" data-element_type=\"widget\" data-e-type=\"widget\" data-widget_type=\"heading.default\">\n\t\t\t\t<div class=\"elementor-widget-container\">\n\t\t\t\t\t<h4 class=\"elementor-heading-title elementor-size-default\"><a href=\"https:\/\/lug2hostel.com\/producto\/salon-de-actos\/\">Sal\u00f3n de actos<\/a><\/h4>\t\t\t\t<\/div>\n\t\t\t\t<\/div>\n\t\t\t\t<div class=\"elementor-element elementor-element-68f4d49 elementor-widget elementor-widget-text-editor\" data-id=\"68f4d49\" data-element_type=\"widget\" data-e-type=\"widget\" data-widget_type=\"text-editor.default\">\n\t\t\t\t<div class=\"elementor-widget-container\">\n\t\t\t\t\t\t\t\t\t<div class=\"elementor-element elementor-element-970657d elementor-widget elementor-widget-text-editor\" data-id=\"970657d\" data-element_type=\"widget\" data-widget_type=\"text-editor.default\"><div class=\"elementor-widget-container\">Sal\u00f3n de actos con capacidad para 80 personas en butaca adem\u00e1s de un amplio espacio expositivo con equipo de sonido, microfon\u00eda y proyecci\u00f3n<\/div><\/div>\t\t\t\t\t\t\t\t<\/div>\n\t\t\t\t<\/div>\n\t\t\t\t\t<\/div>\n\t\t<\/div>\n\t\t\t\t<div class=\"elementor-column elementor-col-33 elementor-top-column elementor-element elementor-element-f49862d\" data-id=\"f49862d\" data-element_type=\"column\" data-e-type=\"column\">\n\t\t\t<div class=\"elementor-widget-wrap elementor-element-populated\">\n\t\t\t\t\t\t<div class=\"elementor-element elementor-element-6051063 e-transform elementor-widget elementor-widget-image\" data-id=\"6051063\" data-element_type=\"widget\" data-e-type=\"widget\" data-settings=\"{&quot;_transform_scale_effect_hover&quot;:{&quot;unit&quot;:&quot;px&quot;,&quot;size&quot;:1.1,&quot;sizes&quot;:[]},&quot;_transform_scale_effect_hover_tablet&quot;:{&quot;unit&quot;:&quot;px&quot;,&quot;size&quot;:&quot;&quot;,&quot;sizes&quot;:[]},&quot;_transform_scale_effect_hover_mobile&quot;:{&quot;unit&quot;:&quot;px&quot;,&quot;size&quot;:&quot;&quot;,&quot;sizes&quot;:[]}}\" data-widget_type=\"image.default\">\n\t\t\t\t<div class=\"elementor-widget-container\">\n\t\t\t\t\t\t\t\t\t\t\t\t\t\t\t\t<a href=\"https:\/\/lug2hostel.com\/producto\/ludoteca\/\">\n\t\t\t\t\t\t\t<img decoding=\"async\" width=\"700\" height=\"540\" src=\"https:\/\/lug2hostel.com\/wp-content\/uploads\/2024\/12\/ludoteca.jpg\" class=\"attachment-large size-large wp-image-4128\" alt=\"\" srcset=\"https:\/\/lug2hostel.com\/wp-content\/uploads\/2024\/12\/ludoteca.jpg 700w, https:\/\/lug2hostel.com\/wp-content\/uploads\/2024\/12\/ludoteca-300x231.jpg 300w, https:\/\/lug2hostel.com\/wp-content\/uploads\/2024\/12\/ludoteca-230x177.jpg 230w, https:\/\/lug2hostel.com\/wp-content\/uploads\/2024\/12\/ludoteca-350x270.jpg 350w, https:\/\/lug2hostel.com\/wp-content\/uploads\/2024\/12\/ludoteca-480x370.jpg 480w\" sizes=\"(max-width: 700px) 100vw, 700px\" \/>\t\t\t\t\t\t\t\t<\/a>\n\t\t\t\t\t\t\t\t\t\t\t\t\t\t\t<\/div>\n\t\t\t\t<\/div>\n\t\t\t\t<div class=\"elementor-element elementor-element-4285c4f elementor-widget elementor-widget-heading\" data-id=\"4285c4f\" data-element_type=\"widget\" data-e-type=\"widget\" data-widget_type=\"heading.default\">\n\t\t\t\t<div class=\"elementor-widget-container\">\n\t\t\t\t\t<h4 class=\"elementor-heading-title elementor-size-default\"><a href=\"https:\/\/lug2hostel.com\/producto\/ludoteca\/\">Ludoteca<\/a><\/h4>\t\t\t\t<\/div>\n\t\t\t\t<\/div>\n\t\t\t\t<div class=\"elementor-element elementor-element-baaeb84 elementor-widget elementor-widget-text-editor\" data-id=\"baaeb84\" data-element_type=\"widget\" data-e-type=\"widget\" data-widget_type=\"text-editor.default\">\n\t\t\t\t<div class=\"elementor-widget-container\">\n\t\t\t\t\t\t\t\t\t<div class=\"elementor-element elementor-element-970657d elementor-widget elementor-widget-text-editor\" data-id=\"970657d\" data-element_type=\"widget\" data-widget_type=\"text-editor.default\"><div class=\"elementor-widget-container\">Sala de actividades con capacidad para 50 personas<\/div><\/div>\t\t\t\t\t\t\t\t<\/div>\n\t\t\t\t<\/div>\n\t\t\t\t\t<\/div>\n\t\t<\/div>\n\t\t\t\t<div class=\"elementor-column elementor-col-33 elementor-top-column elementor-element elementor-element-1640861\" data-id=\"1640861\" data-element_type=\"column\" data-e-type=\"column\">\n\t\t\t<div class=\"elementor-widget-wrap elementor-element-populated\">\n\t\t\t\t\t\t<div class=\"elementor-element elementor-element-4ffb1b9 e-transform e-transform elementor-widget elementor-widget-image\" data-id=\"4ffb1b9\" data-element_type=\"widget\" data-e-type=\"widget\" data-settings=\"{&quot;_transform_scale_effect_hover&quot;:{&quot;unit&quot;:&quot;px&quot;,&quot;size&quot;:1.1,&quot;sizes&quot;:[]},&quot;_transform_scale_effect&quot;:{&quot;unit&quot;:&quot;px&quot;,&quot;size&quot;:&quot;&quot;,&quot;sizes&quot;:[]},&quot;_transform_scale_effect_tablet&quot;:{&quot;unit&quot;:&quot;px&quot;,&quot;size&quot;:&quot;&quot;,&quot;sizes&quot;:[]},&quot;_transform_scale_effect_mobile&quot;:{&quot;unit&quot;:&quot;px&quot;,&quot;size&quot;:&quot;&quot;,&quot;sizes&quot;:[]},&quot;_transform_scale_effect_hover_tablet&quot;:{&quot;unit&quot;:&quot;px&quot;,&quot;size&quot;:&quot;&quot;,&quot;sizes&quot;:[]},&quot;_transform_scale_effect_hover_mobile&quot;:{&quot;unit&quot;:&quot;px&quot;,&quot;size&quot;:&quot;&quot;,&quot;sizes&quot;:[]}}\" data-widget_type=\"image.default\">\n\t\t\t\t<div class=\"elementor-widget-container\">\n\t\t\t\t\t\t\t\t\t\t\t\t\t\t\t\t<a href=\"https:\/\/lug2hostel.com\/producto\/caja-fuerte\/\">\n\t\t\t\t\t\t\t<img decoding=\"async\" width=\"700\" height=\"540\" src=\"https:\/\/lug2hostel.com\/wp-content\/uploads\/2024\/12\/cajafuerte.jpg\" class=\"attachment-large size-large wp-image-4127\" alt=\"\" srcset=\"https:\/\/lug2hostel.com\/wp-content\/uploads\/2024\/12\/cajafuerte.jpg 700w, https:\/\/lug2hostel.com\/wp-content\/uploads\/2024\/12\/cajafuerte-300x231.jpg 300w, https:\/\/lug2hostel.com\/wp-content\/uploads\/2024\/12\/cajafuerte-230x177.jpg 230w, https:\/\/lug2hostel.com\/wp-content\/uploads\/2024\/12\/cajafuerte-350x270.jpg 350w, https:\/\/lug2hostel.com\/wp-content\/uploads\/2024\/12\/cajafuerte-480x370.jpg 480w\" sizes=\"(max-width: 700px) 100vw, 700px\" \/>\t\t\t\t\t\t\t\t<\/a>\n\t\t\t\t\t\t\t\t\t\t\t\t\t\t\t<\/div>\n\t\t\t\t<\/div>\n\t\t\t\t<div class=\"elementor-element elementor-element-469399c elementor-widget elementor-widget-heading\" data-id=\"469399c\" data-element_type=\"widget\" data-e-type=\"widget\" data-widget_type=\"heading.default\">\n\t\t\t\t<div class=\"elementor-widget-container\">\n\t\t\t\t\t<h4 class=\"elementor-heading-title elementor-size-default\"><a href=\"https:\/\/lug2hostel.com\/producto\/caja-fuerte\/\">Sala de la Caja fuerte<\/a><\/h4>\t\t\t\t<\/div>\n\t\t\t\t<\/div>\n\t\t\t\t<div class=\"elementor-element elementor-element-bb155d3 elementor-widget elementor-widget-text-editor\" data-id=\"bb155d3\" data-element_type=\"widget\" data-e-type=\"widget\" data-widget_type=\"text-editor.default\">\n\t\t\t\t<div class=\"elementor-widget-container\">\n\t\t\t\t\t\t\t\t\t<div class=\"elementor-element elementor-element-970657d elementor-widget elementor-widget-text-editor\" data-id=\"970657d\" data-element_type=\"widget\" data-widget_type=\"text-editor.default\"><div class=\"elementor-widget-container\">Sala de almacenaje con caja fuerte<\/div><\/div>\t\t\t\t\t\t\t\t<\/div>\n\t\t\t\t<\/div>\n\t\t\t\t\t<\/div>\n\t\t<\/div>\n\t\t\t\t\t<\/div>\n\t\t<\/section>\n\t\t\t\t<\/div>\n\t\t","protected":false},"excerpt":{"rendered":"<p>Nuestras salas Nuestros albergues ponen a tu disposici\u00f3n una serie de amplios espacios para que puedas desarrollar tus actividades. Su precio est\u00e1 regulado en el Diario Oficial de Galicia. Sal\u00f3n de actos Sal\u00f3n de actos con capacidad para 80 personas en butaca adem\u00e1s de un amplio espacio expositivo con equipo de sonido, microfon\u00eda y proyecci\u00f3n [&hellip;]<\/p>\n","protected":false},"author":1,"featured_media":0,"parent":0,"menu_order":0,"comment_status":"closed","ping_status":"closed","template":"elementor_header_footer","meta":{"footnotes":""},"class_list":["post-4125","page","type-page","status-publish","hentry"],"_links":{"self":[{"href":"https:\/\/lug2hostel.com\/gl\/wp-json\/wp\/v2\/pages\/4125","targetHints":{"allow":["GET"]}}],"collection":[{"href":"https:\/\/lug2hostel.com\/gl\/wp-json\/wp\/v2\/pages"}],"about":[{"href":"https:\/\/lug2hostel.com\/gl\/wp-json\/wp\/v2\/types\/page"}],"author":[{"embeddable":true,"href":"https:\/\/lug2hostel.com\/gl\/wp-json\/wp\/v2\/users\/1"}],"replies":[{"embeddable":true,"href":"https:\/\/lug2hostel.com\/gl\/wp-json\/wp\/v2\/comments?post=4125"}],"version-history":[{"count":7,"href":"https:\/\/lug2hostel.com\/gl\/wp-json\/wp\/v2\/pages\/4125\/revisions"}],"predecessor-version":[{"id":4588,"href":"https:\/\/lug2hostel.com\/gl\/wp-json\/wp\/v2\/pages\/4125\/revisions\/4588"}],"wp:attachment":[{"href":"https:\/\/lug2hostel.com\/gl\/wp-json\/wp\/v2\/media?parent=4125"}],"curies":[{"name":"wp","href":"https:\/\/api.w.org\/{rel}","templated":true}]}}